{"id":899,"date":"2025-07-08T17:00:19","date_gmt":"2025-07-08T16:00:19","guid":{"rendered":"https:\/\/www.asmbtaijiquan.fr\/?page_id=899"},"modified":"2025-07-08T20:59:27","modified_gmt":"2025-07-08T19:59:27","slug":"eventail","status":"publish","type":"page","link":"https:\/\/www.asmbtaijiquan.fr\/index.php\/eventail\/","title":{"rendered":"Eventail"},"content":{"rendered":"<p>La pratique d\u2019encha\u00eenements avec des armes (en l\u2019occurrence ici l&rsquo;\u00e9ventail) est un prolongement de celle du Taiji Quan \u00e0 main nue. La n\u00e9cessit\u00e9 de prolonger les mouvements du corps jusque dans l&rsquo;arme permet d&rsquo;\u00e9lever le niveau de perception des sensations internes (proprioception). Vouloir que l&rsquo;\u00e9ventail se meuve avec efficacit\u00e9 et \u00e9l\u00e9gance dans l&rsquo;espace implique de reconsid\u00e9rer qu&rsquo;est-ce qui bouge quand \u00ab\u00a0je\u00a0\u00bb bouge.<\/p>\n<p>&nbsp;<\/p>\n","protected":false},"excerpt":{"rendered":"<p>La pratique d\u2019encha\u00eenements avec des armes (en l\u2019occurrence ici l&rsquo;\u00e9ventail) est un prolongement de celle du Taiji Quan \u00e0 main nue. La n\u00e9cessit\u00e9 de prolonger les mouvements du corps jusque dans l&rsquo;arme permet d&rsquo;\u00e9lever le niveau de perception des sensations internes (proprioception). Vouloir que l&rsquo;\u00e9ventail se meuve avec efficacit\u00e9 et \u00e9l\u00e9gance dans l&rsquo;espace implique de&#8230; <\/p>\n","protected":false},"author":2,"featured_media":911,"parent":0,"menu_order":0,"comment_status":"closed","ping_status":"closed","template":"","meta":[],"post_mailing_queue_ids":[],"_links":{"self":[{"href":"https:\/\/www.asmbtaijiquan.fr\/index.php\/wp-json\/wp\/v2\/pages\/899"}],"collection":[{"href":"https:\/\/www.asmbtaijiquan.fr\/index.php\/wp-json\/wp\/v2\/pages"}],"about":[{"href":"https:\/\/www.asmbtaijiquan.fr\/index.php\/wp-json\/wp\/v2\/types\/page"}],"author":[{"embeddable":true,"href":"https:\/\/www.asmbtaijiquan.fr\/index.php\/wp-json\/wp\/v2\/users\/2"}],"replies":[{"embeddable":true,"href":"https:\/\/www.asmbtaijiquan.fr\/index.php\/wp-json\/wp\/v2\/comments?post=899"}],"version-history":[{"count":3,"href":"https:\/\/www.asmbtaijiquan.fr\/index.php\/wp-json\/wp\/v2\/pages\/899\/revisions"}],"predecessor-version":[{"id":912,"href":"https:\/\/www.asmbtaijiquan.fr\/index.php\/wp-json\/wp\/v2\/pages\/899\/revisions\/912"}],"wp:featuredmedia":[{"embeddable":true,"href":"https:\/\/www.asmbtaijiquan.fr\/index.php\/wp-json\/wp\/v2\/media\/911"}],"wp:attachment":[{"href":"https:\/\/www.asmbtaijiquan.fr\/index.php\/wp-json\/wp\/v2\/media?parent=899"}],"curies":[{"name":"wp","href":"https:\/\/api.w.org\/{rel}","templated":true}]}}