{"id":839,"date":"2023-09-02T20:34:59","date_gmt":"2023-09-02T19:34:59","guid":{"rendered":"https:\/\/www.asmbtaijiquan.fr\/?page_id=839"},"modified":"2024-09-04T16:04:32","modified_gmt":"2024-09-04T15:04:32","slug":"chant-du-souffle","status":"publish","type":"page","link":"https:\/\/www.asmbtaijiquan.fr\/index.php\/chant-du-souffle\/","title":{"rendered":"Chant du Souffle"},"content":{"rendered":"<div id=\"attachment_163\" style=\"width: 310px\" class=\"wp-caption alignright\"><img aria-describedby=\"caption-attachment-163\" decoding=\"async\" loading=\"lazy\" class=\"size-medium wp-image-163\" src=\"http:\/\/www.asmbtaijiquan.fr\/wp-content\/uploads\/2016\/09\/Fleurs-de-btiume-300x225.jpg\" alt=\"\" width=\"300\" height=\"225\" srcset=\"https:\/\/www.asmbtaijiquan.fr\/wp-content\/uploads\/2016\/09\/Fleurs-de-btiume-300x225.jpg 300w, https:\/\/www.asmbtaijiquan.fr\/wp-content\/uploads\/2016\/09\/Fleurs-de-btiume-768x576.jpg 768w, https:\/\/www.asmbtaijiquan.fr\/wp-content\/uploads\/2016\/09\/Fleurs-de-btiume-1024x768.jpg 1024w\" sizes=\"(max-width: 300px) 100vw, 300px\" \/><p id=\"caption-attachment-163\" class=\"wp-caption-text\">Laisse la vie traverser les cuirasses<\/p><\/div>\n<p>Cr\u00e9\u00e9 par Imanou Risselard et Pol Charoy, cocr\u00e9ateur\u00b7rices \u00e9galement du Wutao et de l\u2019ATA,<a href=\"https:\/\/www.youtube.com\/watch?v=V9t7bPm_39U\"><strong><span style=\"color: #0000ff;\"> le Chant du Souffle<\/span><\/strong><\/a> est un art de la respiration.<\/p>\n<p>Bas\u00e9 sur la restauration du cycle spontan\u00e9 de la respiration, sa pratique lib\u00e8re le souffle dans un sentiment infini de bien-\u00eatre.Vivre le Chant du Souffle, c\u2019est respirer la vie \u00e0 pleins poumons, sentir la joie palpiter en soi et p\u00e9tiller autour de soi, c\u2019est se lib\u00e9rer de ses tensions.Sa pratique nous invite \u00e0 entrer dans une nouvelle qualit\u00e9 de pr\u00e9sence \u00e0 nous-m\u00eame. Elle transforme profond\u00e9ment le quotidien.<\/p>\n<p>Le<span style=\"color: #000000;\"><a style=\"color: #000000;\" href=\"https:\/\/www.youtube.com\/watch?v=V9t7bPm_39U\"> Chant du Souffle<\/a><\/span> consiste \u00e0 jouer avec son souffle comme on joue d\u2019un instrument de musique. Il se compose d\u2019une vingtaine de motifs rythmiques. Il restaure le groove, la musicalit\u00e9 primordiale de notre souffle et de notre corporalit\u00e9. Sans aucun pr\u00e9requis en musique ou en chant, la p\u00e9dagogie po\u00e9tico-sensorielle du Chant du Souffle permet d\u2019acc\u00e9der \u00e0 ces espaces avec simplicit\u00e9 et plaisir.<\/p>\n<p><strong>Les cours se d\u00e9roulent le mardi de 20h30 \u00e0 21h30 salle Jaques Brugnon. Le premier cours est offert.<\/strong><\/p>\n<p>Gr\u00e2ce au podcast M\u00e9tamorphose, vous pouvez \u00e9couter un entretien avec Imanou Risselard co-fondatrice du Wutao et du Chant du Souffle. Voici le lien: <a href=\"https:\/\/www.youtube.com\/watch?v=0Y4KvvQ2Hko\">https:\/\/www.youtube.com\/watch?v=0Y4KvvQ2Hko<\/a><\/p>\n<p>&nbsp;<\/p>\n<p>&nbsp;<\/p>\n","protected":false},"excerpt":{"rendered":"<p>Cr\u00e9\u00e9 par Imanou Risselard et Pol Charoy, cocr\u00e9ateur\u00b7rices \u00e9galement du Wutao et de l\u2019ATA, le Chant du Souffle est un art de la respiration. Bas\u00e9 sur la restauration du cycle spontan\u00e9 de la respiration, sa pratique lib\u00e8re le souffle dans un sentiment infini de bien-\u00eatre.Vivre le Chant du Souffle, c\u2019est respirer la vie \u00e0 pleins&#8230; <\/p>\n","protected":false},"author":2,"featured_media":0,"parent":0,"menu_order":0,"comment_status":"closed","ping_status":"closed","template":"","meta":[],"post_mailing_queue_ids":[],"_links":{"self":[{"href":"https:\/\/www.asmbtaijiquan.fr\/index.php\/wp-json\/wp\/v2\/pages\/839"}],"collection":[{"href":"https:\/\/www.asmbtaijiquan.fr\/index.php\/wp-json\/wp\/v2\/pages"}],"about":[{"href":"https:\/\/www.asmbtaijiquan.fr\/index.php\/wp-json\/wp\/v2\/types\/page"}],"author":[{"embeddable":true,"href":"https:\/\/www.asmbtaijiquan.fr\/index.php\/wp-json\/wp\/v2\/users\/2"}],"replies":[{"embeddable":true,"href":"https:\/\/www.asmbtaijiquan.fr\/index.php\/wp-json\/wp\/v2\/comments?post=839"}],"version-history":[{"count":7,"href":"https:\/\/www.asmbtaijiquan.fr\/index.php\/wp-json\/wp\/v2\/pages\/839\/revisions"}],"predecessor-version":[{"id":892,"href":"https:\/\/www.asmbtaijiquan.fr\/index.php\/wp-json\/wp\/v2\/pages\/839\/revisions\/892"}],"wp:attachment":[{"href":"https:\/\/www.asmbtaijiquan.fr\/index.php\/wp-json\/wp\/v2\/media?parent=839"}],"curies":[{"name":"wp","href":"https:\/\/api.w.org\/{rel}","templated":true}]}}