{"id":79,"date":"2016-08-02T15:50:37","date_gmt":"2016-08-02T14:50:37","guid":{"rendered":"http:\/\/www.asmbtaijiquan.fr\/?page_id=79"},"modified":"2025-07-08T16:45:43","modified_gmt":"2025-07-08T15:45:43","slug":"bienvenue","status":"publish","type":"page","link":"https:\/\/www.asmbtaijiquan.fr\/index.php\/bienvenue\/","title":{"rendered":"Bienvenue"},"content":{"rendered":"<h3>Bonjour et bienvenue sur le site de l\u2019ASMB TaiJi Quan<\/h3>\n<div class=\"content\">\n<h4>\u00a0L&rsquo;ASMB Taiji, section de l\u2019Association Sportive de Montigny-Le-Bretonneux, propose la pratique du TaiJi Quan, de l&rsquo;Eventail, du Wutao\u00ae( https:\/\/www.wutao.fr\/)\u00a0 et celle du <a href=\"https:\/\/www.wutao.fr\/Qu-est-ce-que-le-Chant-du-Souffle#:~:text=Le%20Chant%20du%20Souffle%20consiste%20%C3%A0%20jouer%20avec,primordiale%20de%20notre%20souffle%20et%20de%20notre%20corporalit%C3%A9.\">Chant du Souffle.<\/a><\/h4>\n<h4>\u00a0Notre ambition est de vous initier \u00e0 ces pratiques et de pratiquer ensemble en mettant l\u2019accent sur les fondamentaux de ces arts du mouvements afin que chacun y retrouve la joie et\u00a0 le plaisir de bouger, de respirer \u00e0 travers un travail personnel guid\u00e9 par l\u2019enseignant.<\/h4>\n<h4>\u00a0A cot\u00e9 des cours hebdomadaires, des stages sont organis\u00e9s. Ils sont l\u2019occasion d\u2019approfondir tel ou tel aspect de ces pratiques. Beaucoup sont anim\u00e9s par des enseignants ext\u00e9rieurs afin de faire d\u00e9couvrir d\u2019autres mani\u00e8res de bouger ou d\u2019autres facettes de ces pratiques.<\/h4>\n<h4>\u00a0Pour l\u2019ASMB Taiji Quan,<\/h4>\n<h4>Le Pr\u00e9sident,<\/h4>\n<h4>Jean-Eric POIRIER-QUINOT<\/h4>\n<\/div>\n","protected":false},"excerpt":{"rendered":"<p>Bonjour et bienvenue sur le site de l\u2019ASMB TaiJi Quan \u00a0L&rsquo;ASMB Taiji, section de l\u2019Association Sportive de Montigny-Le-Bretonneux, propose la pratique du TaiJi Quan, de l&rsquo;Eventail, du Wutao\u00ae( https:\/\/www.wutao.fr\/)\u00a0 et celle du Chant du Souffle. \u00a0Notre ambition est de vous initier \u00e0 ces pratiques et de pratiquer ensemble en mettant l\u2019accent sur les fondamentaux de&#8230; <\/p>\n","protected":false},"author":1,"featured_media":0,"parent":0,"menu_order":0,"comment_status":"closed","ping_status":"closed","template":"full-width.php","meta":[],"post_mailing_queue_ids":[],"_links":{"self":[{"href":"https:\/\/www.asmbtaijiquan.fr\/index.php\/wp-json\/wp\/v2\/pages\/79"}],"collection":[{"href":"https:\/\/www.asmbtaijiquan.fr\/index.php\/wp-json\/wp\/v2\/pages"}],"about":[{"href":"https:\/\/www.asmbtaijiquan.fr\/index.php\/wp-json\/wp\/v2\/types\/page"}],"author":[{"embeddable":true,"href":"https:\/\/www.asmbtaijiquan.fr\/index.php\/wp-json\/wp\/v2\/users\/1"}],"replies":[{"embeddable":true,"href":"https:\/\/www.asmbtaijiquan.fr\/index.php\/wp-json\/wp\/v2\/comments?post=79"}],"version-history":[{"count":22,"href":"https:\/\/www.asmbtaijiquan.fr\/index.php\/wp-json\/wp\/v2\/pages\/79\/revisions"}],"predecessor-version":[{"id":897,"href":"https:\/\/www.asmbtaijiquan.fr\/index.php\/wp-json\/wp\/v2\/pages\/79\/revisions\/897"}],"wp:attachment":[{"href":"https:\/\/www.asmbtaijiquan.fr\/index.php\/wp-json\/wp\/v2\/media?parent=79"}],"curies":[{"name":"wp","href":"https:\/\/api.w.org\/{rel}","templated":true}]}}