{"id":56,"date":"2016-08-02T09:21:35","date_gmt":"2016-08-02T08:21:35","guid":{"rendered":"http:\/\/www.asmbtaijiquan.fr\/?page_id=56"},"modified":"2025-07-08T21:07:44","modified_gmt":"2025-07-08T20:07:44","slug":"infos-pratiques","status":"publish","type":"page","link":"https:\/\/www.asmbtaijiquan.fr\/index.php\/reprise-des-cours-samedi-16-09-2023\/infos-pratiques\/","title":{"rendered":"Horaires et Lieux"},"content":{"rendered":"<h4 style=\"text-align: left;\"><a href=\"http:\/\/www.asmbtaijiquan.fr\/wp-content\/uploads\/2024\/09\/Flyer-Global-2024-alternative.pdf\"><span style=\"color: #ff0000;\">T\u00e9l\u00e9charger la liste des activit\u00e9s<\/span><\/a><\/h4>\n<h4 style=\"text-align: left;\"><a href=\"http:\/\/www.asmbtaijiquan.fr\/wp-content\/uploads\/2025\/07\/Form-Inscrptn-ASMB-TJQ-25-26.docx\"><span style=\"color: #ff0000;\">T\u00e9l\u00e9charger le bulletin d&rsquo;inscription pour la saison 2025-2026<\/span><\/a><\/h4>\n<p>&nbsp;<\/p>\n<h4><span style=\"color: #993366;\"><strong>L&rsquo;association vous offre le premier cours pour d\u00e9couvrir le TaiJi Quan, l&rsquo;\u00e9ventail, le Wutao\u00ae , ou le Chant du Souffle\u00ae avant de vous engager.<\/strong><\/span><\/h4>\n<h2 style=\"text-align: left;\"><span style=\"color: #3366ff;\">Horaires et Lieux:<\/span><\/h2>\n<ul>\n<li>Mardi de 20h30 \u00e0 21h30. Salle Brugnon. Chant du Souffle. <span style=\"color: #0000ff;\">D\u00e9butants et confirm\u00e9s<\/span>.<\/li>\n<li>Mardi de 20h30 \u00e0 22h30. Salle Brugnon. Eventail. <span style=\"color: #0000ff;\">D\u00e9butants et confirm\u00e9s<\/span>.<\/li>\n<li>Jeudi de 20:30 \u00e0 21:30. Salle Brugnon : Taiji Quan <span style=\"color: #0000ff;\">D\u00e9butants<br \/>\n<\/span><\/li>\n<li>Jeudi de 21:30 \u00e0 22:30. Salle Brugnon : Taiji Quan <span style=\"color: #0000ff;\">Confirm\u00e9s<br \/>\n<\/span><\/li>\n<li>Vendredi de 10h30 \u00e0 12h00. Salle Brugnon : Le Taiji Quan avant le Taiji Quan <span style=\"color: #0000ff;\">D\u00e9butants et confirm\u00e9s<br \/>\n<\/span><\/li>\n<li>Samedi de\u00a0\u00a0 9h00 \u00e0 10h30. Espace Guillon. Taiji Quan. <span style=\"color: #0000ff;\">D\u00e9butants et confirm\u00e9s<\/span>.<\/li>\n<li>Samedi de 10h30 \u00e0 12h00. Espace Guillon : Wutao.\u00a0 <span style=\"color: #0000ff;\">D\u00e9butants et confirm\u00e9s<\/span>.<\/li>\n<\/ul>\n<p><span style=\"color: #0000ff;\">\u00a0<\/span><span style=\"color: #ff9900;\"><strong>Salle Jacques Brugnon , Rue Jacques Brugnon \u00e0 Montigny Le Bretonneux.<\/strong><\/span><\/p>\n<p><iframe loading=\"lazy\" style=\"border: 0;\" src=\"https:\/\/www.google.com\/maps\/embed?pb=!1m18!1m12!1m3!1d2629.3292084781333!2d2.024788315446449!3d48.77560497927947!2m3!1f0!2f0!3f0!3m2!1i1024!2i768!4f13.1!3m3!1m2!1s0x47e681366867fdeb%3A0xe30380ca24770ae9!2sRue+Jacques+Brugnon%2C+78180+Montigny-le-Bretonneux!5e0!3m2!1sen!2sfr!4v1504356913229\" width=\"400\" height=\"300\" frameborder=\"0\" allowfullscreen=\"allowfullscreen\"><\/iframe><\/p>\n<h4><\/h4>\n<h4><strong><span style=\"color: #ff9900;\">Espace Marcel Guillon. Place Marcel Guillon. Montigny Le Bretonneux.<\/span>\u00a0<\/strong><\/h4>\n<p><iframe loading=\"lazy\" style=\"border: 0;\" src=\"https:\/\/www.google.com\/maps\/embed?pb=!1m18!1m12!1m3!1d2629.573954414209!2d2.0292056154462492!3d48.77093187927901!2m3!1f0!2f0!3f0!3m2!1i1024!2i768!4f13.1!3m3!1m2!1s0x47e6813a0df7a00d%3A0x84164d4e79596834!2sPlace+Marcel+Guillon%2C+78180+Montigny-le-Bretonneux!5e0!3m2!1sen!2sfr!4v1504357182439\" width=\"400\" height=\"300\" frameborder=\"0\" allowfullscreen=\"allowfullscreen\"><\/iframe><\/p>\n<h4><\/h4>\n<p>Les horaires des diff\u00e9rents cours ainsi que les modalit\u00e9s d\u2019inscription sont consultables sur les documents t\u00e9l\u00e9chargeables depuis cette page.<\/p>\n<p>Le formulaire d\u2019inscription rempli pourra \u00eatre remis au Forum des Associations ou \u00eatre apport\u00e9 \u00e0 l&rsquo;occasion du cours.<\/p>\n<h4 style=\"text-align: center;\"><\/h4>\n<p style=\"text-align: left;\">\n","protected":false},"excerpt":{"rendered":"<p>T\u00e9l\u00e9charger la liste des activit\u00e9s T\u00e9l\u00e9charger le bulletin d&rsquo;inscription pour la saison 2025-2026 &nbsp; L&rsquo;association vous offre le premier cours pour d\u00e9couvrir le TaiJi Quan, l&rsquo;\u00e9ventail, le Wutao\u00ae , ou le Chant du Souffle\u00ae avant de vous engager. Horaires et Lieux: Mardi de 20h30 \u00e0 21h30. Salle Brugnon. Chant du Souffle. D\u00e9butants et confirm\u00e9s. Mardi&#8230; <\/p>\n","protected":false},"author":1,"featured_media":0,"parent":833,"menu_order":3,"comment_status":"closed","ping_status":"closed","template":"","meta":[],"post_mailing_queue_ids":[],"_links":{"self":[{"href":"https:\/\/www.asmbtaijiquan.fr\/index.php\/wp-json\/wp\/v2\/pages\/56"}],"collection":[{"href":"https:\/\/www.asmbtaijiquan.fr\/index.php\/wp-json\/wp\/v2\/pages"}],"about":[{"href":"https:\/\/www.asmbtaijiquan.fr\/index.php\/wp-json\/wp\/v2\/types\/page"}],"author":[{"embeddable":true,"href":"https:\/\/www.asmbtaijiquan.fr\/index.php\/wp-json\/wp\/v2\/users\/1"}],"replies":[{"embeddable":true,"href":"https:\/\/www.asmbtaijiquan.fr\/index.php\/wp-json\/wp\/v2\/comments?post=56"}],"version-history":[{"count":55,"href":"https:\/\/www.asmbtaijiquan.fr\/index.php\/wp-json\/wp\/v2\/pages\/56\/revisions"}],"predecessor-version":[{"id":913,"href":"https:\/\/www.asmbtaijiquan.fr\/index.php\/wp-json\/wp\/v2\/pages\/56\/revisions\/913"}],"up":[{"embeddable":true,"href":"https:\/\/www.asmbtaijiquan.fr\/index.php\/wp-json\/wp\/v2\/pages\/833"}],"wp:attachment":[{"href":"https:\/\/www.asmbtaijiquan.fr\/index.php\/wp-json\/wp\/v2\/media?parent=56"}],"curies":[{"name":"wp","href":"https:\/\/api.w.org\/{rel}","templated":true}]}}