{"id":46,"date":"2016-08-02T00:16:29","date_gmt":"2016-08-01T23:16:29","guid":{"rendered":"http:\/\/www.asmbtaijiquan.fr\/?page_id=46"},"modified":"2023-08-26T17:09:31","modified_gmt":"2023-08-26T16:09:31","slug":"les-cours","status":"publish","type":"page","link":"https:\/\/www.asmbtaijiquan.fr\/index.php\/reprise-des-cours-samedi-16-09-2023\/infos-pratiques\/les-cours\/","title":{"rendered":"Les cours Tai Ji Quan"},"content":{"rendered":"<p><strong>Lieux<\/strong>:<\/p>\n<p>Jeudi et vendredi : Salle Jacques Brugnon.<\/p>\n<p>Samedi: Espace Marcel Guillon. Place Marcel Guillon. Quartier \u00ab Le village \u00bb \u00e0 Montigny Le Bretonneux.<\/p>\n<p><strong>Cours<\/strong>: le jeudi de 20h30 \u00e0 21h30 pour les d\u00e9butants et de 21h30 \u00e0 22h30 pour les confirm\u00e9s. Le vendredi de 10h30 \u00e0 12h00\u00a0 et le samedi de 9h00 \u00e0 10h30, les cours sont ouverts aux d\u00e9butants et aux confirm\u00e9s. Le contenu est adapt\u00e9 en fonction des participants.<\/p>\n<p>Les cours du jeudi et du samedi sont anim\u00e9s par Jean-Eric Poirier-Quinot, assist\u00e9 par Rodolphe Rousseau et Ouahib Benaouda<\/p>\n<p>&nbsp;<\/p>\n","protected":false},"excerpt":{"rendered":"<p>Lieux: Jeudi et vendredi : Salle Jacques Brugnon. Samedi: Espace Marcel Guillon. Place Marcel Guillon. Quartier \u00ab Le village \u00bb \u00e0 Montigny Le Bretonneux. Cours: le jeudi de 20h30 \u00e0 21h30 pour les d\u00e9butants et de 21h30 \u00e0 22h30 pour les confirm\u00e9s. Le vendredi de 10h30 \u00e0 12h00\u00a0 et le samedi de 9h00 \u00e0 10h30,&#8230; <\/p>\n","protected":false},"author":1,"featured_media":0,"parent":56,"menu_order":1,"comment_status":"closed","ping_status":"closed","template":"","meta":[],"post_mailing_queue_ids":[],"_links":{"self":[{"href":"https:\/\/www.asmbtaijiquan.fr\/index.php\/wp-json\/wp\/v2\/pages\/46"}],"collection":[{"href":"https:\/\/www.asmbtaijiquan.fr\/index.php\/wp-json\/wp\/v2\/pages"}],"about":[{"href":"https:\/\/www.asmbtaijiquan.fr\/index.php\/wp-json\/wp\/v2\/types\/page"}],"author":[{"embeddable":true,"href":"https:\/\/www.asmbtaijiquan.fr\/index.php\/wp-json\/wp\/v2\/users\/1"}],"replies":[{"embeddable":true,"href":"https:\/\/www.asmbtaijiquan.fr\/index.php\/wp-json\/wp\/v2\/comments?post=46"}],"version-history":[{"count":12,"href":"https:\/\/www.asmbtaijiquan.fr\/index.php\/wp-json\/wp\/v2\/pages\/46\/revisions"}],"predecessor-version":[{"id":816,"href":"https:\/\/www.asmbtaijiquan.fr\/index.php\/wp-json\/wp\/v2\/pages\/46\/revisions\/816"}],"up":[{"embeddable":true,"href":"https:\/\/www.asmbtaijiquan.fr\/index.php\/wp-json\/wp\/v2\/pages\/56"}],"wp:attachment":[{"href":"https:\/\/www.asmbtaijiquan.fr\/index.php\/wp-json\/wp\/v2\/media?parent=46"}],"curies":[{"name":"wp","href":"https:\/\/api.w.org\/{rel}","templated":true}]}}