{"id":39,"date":"2016-08-01T23:59:43","date_gmt":"2016-08-01T22:59:43","guid":{"rendered":"http:\/\/www.asmbtaijiquan.fr\/?page_id=39"},"modified":"2023-09-07T22:19:49","modified_gmt":"2023-09-07T21:19:49","slug":"tout-savoir-sur-wutao","status":"publish","type":"page","link":"https:\/\/www.asmbtaijiquan.fr\/index.php\/tout-savoir-sur-wutao\/","title":{"rendered":"Wutao"},"content":{"rendered":"<h4>\u00ab\u00a0<em>Impr\u00e9gn\u00e9 de philosophie tao\u00efste, le Wutao, a \u00e9t\u00e9 con\u00e7u par Pol Charoy et Imanou Risselard\u00a0; il est n\u00e9 au cours de l\u2019\u00e9t\u00e9 2000. Le nom a \u00e9t\u00e9 forg\u00e9 en unissant deux id\u00e9ogrammes\u00a0: \u00ab\u00a0Wu\u00a0\u00bb pour danse ou \u00e9veil et \u00ab\u00a0Tao\u00a0\u00bb pour la voie. Le Wutao est un art du mouvement qui combine les enseignements et les pratiques des arts martiaux chinois, externes et internes, du Yoga et des bio-\u00e9nerg\u00e9tiques chinoises et occidentales.<\/em>\u00a0\u00bb<\/h4>\n<h4>\u00ab<em>\u00a0La pratique des arts internes les a guid\u00e9s vers une \u00e9cologie corporelle, c\u2019est \u00e0 dire une pratique en accord avec la nature du corps\u00a0: les os, les organes, les muscles, les tendons, les fascia\u00a0.<\/em> <em>Le mouvement est juste s\u2019il est facile, s\u2019il engage le corps dans sa totalit\u00e9\u00a0\u00bb. <\/em>Cette justesse est accessible \u00e0 tous, la souplesse qu\u2019il demande n\u2019est pas une affaire de qualit\u00e9 athl\u00e9tique.<\/h4>\n<h4>Pour en savoir plus \u00e9coutez l&rsquo;entretien entre Pol Charoy, co-fondateur du Wutao, et Anne Ghesqui\u00e8re fondatice du podcast M\u00e9tamorphose: <a href=\"https:\/\/www.youtube.com\/watch?v=r6mpRYgNBsQ\">https:\/\/www.youtube.com\/watch?v=r6mpRYgNBsQ<\/a><\/h4>\n<h4>Mais aussi, le mouvement est juste s\u2019il est accompagn\u00e9 de sentiment. Cette d\u00e9couverte, re-d\u00e9couverte\u00a0!, que le geste est du sentiment et que le sentiment provoque le geste est l\u2019essence du Wutao et un des plus beaux cadeaux qu\u2019y trouve le pratiquant.<\/h4>\n<p>&nbsp;<\/p>\n<h3>La pratique<\/h3>\n<h4>Il s\u2019agit de ramener \u00e0 notre conscience le fait que tout mouvement part de la pulsation primordiale qui anime, sans que cela soit volontaire, le bassin. Cette pulsation entraine, pour peu que le pratiquant la laisse s\u2019exprimer, une ondulation de la colonne vert\u00e9brale qui se propage ensuite par cercles et spirales, mobilisant alors le corps, des pieds jusqu\u2019\u00e0 la t\u00eate. Ensuite guid\u00e9 par le sentiment et l\u2019intention, ce mouvement peut \u00eatre transform\u00e9 en un des douze mouvements de base du Wutao.<\/h4>\n<h4><em>D\u00e9monstration de l&rsquo;onde primordiale par un jeune ma\u00eetre de Wutao.<\/em><\/h4>\n<h4><a href=\"http:\/\/www.asmbtaijiquan.fr\/wp-content\/uploads\/2023\/09\/Onde-Thomas.mov\">Onde-Thomas<\/a><\/h4>\n<h4>Laisser faire le mouvement, l\u00e2cher prise, tout est l\u00e0, simple et complexe. Leit motiv de toutes les pratiques internes et au-del\u00e0, la d\u00e9couverte de ce l\u00e2cher prise est rendue possible gr\u00e2ce \u00e0 l\u2019attention bienveillante mais rigoureuse port\u00e9e \u00e0 \u00eatre dans un \u00e9tat particulier d\u2019\u00e9coute et d\u2019attention \u00e0 soi-m\u00eame.<\/h4>\n<h4>Le souffle, lui m\u00eame pulsation d\u2019inspir et d\u2019expir, est mobilis\u00e9 dans cette recherche de l\u2019\u00e9tat d\u2019\u00e9coute.<\/h4>\n<h3>L\u2019enseignant<\/h3>\n<h4>Jean-Eric Poirier-Quinot a rencontr\u00e9 Pol Charoy et Imanou Risselard en 2005. Happ\u00e9 par le Wutao et sa douce puissance de transformation, il a suivi de nombreux stages. Apr\u00e8s avoir suivi le premier cycle de formation de la Wutao School, il a \u00e9t\u00e9 certifi\u00e9 instructeur en 2011, puis professeur en 2014.<\/h4>\n<h4><img decoding=\"async\" loading=\"lazy\" class=\"wp-image-673 aligncenter\" src=\"http:\/\/www.asmbtaijiquan.fr\/wp-content\/uploads\/2018\/08\/WJEP2018-5-1-207x300.png\" alt=\"\" width=\"284\" height=\"412\" srcset=\"https:\/\/www.asmbtaijiquan.fr\/wp-content\/uploads\/2018\/08\/WJEP2018-5-1-207x300.png 207w, https:\/\/www.asmbtaijiquan.fr\/wp-content\/uploads\/2018\/08\/WJEP2018-5-1-768x1115.png 768w, https:\/\/www.asmbtaijiquan.fr\/wp-content\/uploads\/2018\/08\/WJEP2018-5-1-706x1024.png 706w\" sizes=\"(max-width: 284px) 100vw, 284px\" \/><\/h4>\n<p>&nbsp;<\/p>\n<h3>Pour aller plus loin<\/h3>\n<h4>Les textes en italiques sont extraits du livre\u00a0: \u00ab\u00a0Wutao, Pratiquer l\u2019\u00e9cologie corporelle\u00a0\u00bb Edition Le courrier du Livre.<\/h4>\n<h4>Des vid\u00e9os sont accessibles sur le site du Wutao <a href=\"http:\/\/www.wutao.fr\/\">www.wutao.fr<\/a> et sur youtube ou dailymotion.<\/h4>\n<p><a href=\"http:\/\/www.asmbtaijiquan.fr\/index.php\/2018\/08\/06\/plus-dinfos-sur-le-wutao\/\" target=\"_blank\" rel=\"noopener\">Vous pouvez t\u00e9l\u00e9charger ici un court document qui reprend ces informations. <\/a><\/p>\n","protected":false},"excerpt":{"rendered":"<p>\u00ab\u00a0Impr\u00e9gn\u00e9 de philosophie tao\u00efste, le Wutao, a \u00e9t\u00e9 con\u00e7u par Pol Charoy et Imanou Risselard\u00a0; il est n\u00e9 au cours de l\u2019\u00e9t\u00e9 2000. Le nom a \u00e9t\u00e9 forg\u00e9 en unissant deux id\u00e9ogrammes\u00a0: \u00ab\u00a0Wu\u00a0\u00bb pour danse ou \u00e9veil et \u00ab\u00a0Tao\u00a0\u00bb pour la voie. Le Wutao est un art du mouvement qui combine les enseignements et les&#8230; <\/p>\n","protected":false},"author":1,"featured_media":283,"parent":0,"menu_order":2,"comment_status":"closed","ping_status":"closed","template":"","meta":[],"post_mailing_queue_ids":[],"_links":{"self":[{"href":"https:\/\/www.asmbtaijiquan.fr\/index.php\/wp-json\/wp\/v2\/pages\/39"}],"collection":[{"href":"https:\/\/www.asmbtaijiquan.fr\/index.php\/wp-json\/wp\/v2\/pages"}],"about":[{"href":"https:\/\/www.asmbtaijiquan.fr\/index.php\/wp-json\/wp\/v2\/types\/page"}],"author":[{"embeddable":true,"href":"https:\/\/www.asmbtaijiquan.fr\/index.php\/wp-json\/wp\/v2\/users\/1"}],"replies":[{"embeddable":true,"href":"https:\/\/www.asmbtaijiquan.fr\/index.php\/wp-json\/wp\/v2\/comments?post=39"}],"version-history":[{"count":13,"href":"https:\/\/www.asmbtaijiquan.fr\/index.php\/wp-json\/wp\/v2\/pages\/39\/revisions"}],"predecessor-version":[{"id":636,"href":"https:\/\/www.asmbtaijiquan.fr\/index.php\/wp-json\/wp\/v2\/pages\/39\/revisions\/636"}],"wp:featuredmedia":[{"embeddable":true,"href":"https:\/\/www.asmbtaijiquan.fr\/index.php\/wp-json\/wp\/v2\/media\/283"}],"wp:attachment":[{"href":"https:\/\/www.asmbtaijiquan.fr\/index.php\/wp-json\/wp\/v2\/media?parent=39"}],"curies":[{"name":"wp","href":"https:\/\/api.w.org\/{rel}","templated":true}]}}