{"id":35,"date":"2016-08-01T23:54:43","date_gmt":"2016-08-01T22:54:43","guid":{"rendered":"http:\/\/www.asmbtaijiquan.fr\/?page_id=35"},"modified":"2023-09-07T20:55:09","modified_gmt":"2023-09-07T19:55:09","slug":"tout-savoir-sur-tai-chi-quan","status":"publish","type":"page","link":"https:\/\/www.asmbtaijiquan.fr\/index.php\/tout-savoir-sur-tai-chi-quan\/","title":{"rendered":"Taiji Quan"},"content":{"rendered":"<h4>Le <strong>Taiji Quan<\/strong> (ou Tai Chi Chuan) est un encha\u00eenement de mouvements lents, circulaires et harmonieux, ex\u00e9cut\u00e9s avec un bon \u00e9quilibre, une d\u00e9tente parfaite mais aussi une grande \u00e9nergie int\u00e9rieure.<\/h4>\n<h4>Discipline d\u2019origine chinoise, maintenant pratiqu\u00e9e partout, le Taiji Quan un art martial dit \u00ab\u00a0interne\u00a0\u00bb. En mobilisant les muscles et les articulations d\u2019une mani\u00e8re lente, contr\u00f4l\u00e9e, \u00e9nergique mais sans violence, il est praticable par tous sans condition physique particuli\u00e8re. De cela d\u00e9coule ses effets sur la sant\u00e9.<\/h4>\n<p>&nbsp;<\/p>\n<p><img decoding=\"async\" loading=\"lazy\" class=\"alignnone size-full wp-image-176\" src=\"http:\/\/armelle.daneshmand.free.fr\/wordpress\/wp-content\/uploads\/2016\/04\/taichi.jpg\" alt=\"taichi\" width=\"150\" height=\"189\" \/><\/p>\n<h4>S\u2019il demande rigueur et pers\u00e9v\u00e9rance, le Taiji Quan, discipline g\u00e9n\u00e9reuse, procure en retour beaucoup de joie : \u00e9quilibre, puissance sereine, unit\u00e9 entre le mental et le physique.<\/h4>\n<h4>Une vie suffit-elle \u00e0 l\u2019accomplir parfaitement? La r\u00e9ponse \u00e0 cette question appartient \u00e0 chaque pratiquant.\u00a0 L\u2019enseignement re\u00e7u de Raymonde H\u00e9li\u00e8s montre \u00e0 quel point cette discipline est accessible, b\u00e9n\u00e9fique et universelle et que l\u2019on peut progresser \u00e0 chaque s\u00e9ance.<\/h4>\n<h4>La forme pratiqu\u00e9e est la forme Yang\u00a0 telle que Raymonde H\u00e9li\u00e8s l\u2019a apprise de Ma\u00eetre Yang Zhen Duo, puis transmise \u00e0 Danielle Tristram et Jean-Eric Poirier-Quinot qui animent les cours depuis le d\u00e9c\u00e8s de Raymonde en 2010.<\/h4>\n<h4>Christophe Duval, lui-m\u00eame \u00e9l\u00e8ve de Raymonde H\u00e9li\u00e8s, anime un cours qui \u00e9claire les principes \u00e0 l\u2019\u0153uvre dans la pratique du Taiji Quan<strong>.<\/strong><\/h4>\n<h4>Rodolphe Rousseau et Ouahib Benaouda sont venus renforcer l&rsquo;\u00e9quipe des enseignants.<\/h4>\n","protected":false},"excerpt":{"rendered":"<p>Le Taiji Quan (ou Tai Chi Chuan) est un encha\u00eenement de mouvements lents, circulaires et harmonieux, ex\u00e9cut\u00e9s avec un bon \u00e9quilibre, une d\u00e9tente parfaite mais aussi une grande \u00e9nergie int\u00e9rieure. Discipline d\u2019origine chinoise, maintenant pratiqu\u00e9e partout, le Taiji Quan un art martial dit \u00ab\u00a0interne\u00a0\u00bb. En mobilisant les muscles et les articulations d\u2019une mani\u00e8re lente, contr\u00f4l\u00e9e,&#8230; <\/p>\n","protected":false},"author":1,"featured_media":37,"parent":0,"menu_order":1,"comment_status":"closed","ping_status":"closed","template":"","meta":[],"post_mailing_queue_ids":[],"_links":{"self":[{"href":"https:\/\/www.asmbtaijiquan.fr\/index.php\/wp-json\/wp\/v2\/pages\/35"}],"collection":[{"href":"https:\/\/www.asmbtaijiquan.fr\/index.php\/wp-json\/wp\/v2\/pages"}],"about":[{"href":"https:\/\/www.asmbtaijiquan.fr\/index.php\/wp-json\/wp\/v2\/types\/page"}],"author":[{"embeddable":true,"href":"https:\/\/www.asmbtaijiquan.fr\/index.php\/wp-json\/wp\/v2\/users\/1"}],"replies":[{"embeddable":true,"href":"https:\/\/www.asmbtaijiquan.fr\/index.php\/wp-json\/wp\/v2\/comments?post=35"}],"version-history":[{"count":11,"href":"https:\/\/www.asmbtaijiquan.fr\/index.php\/wp-json\/wp\/v2\/pages\/35\/revisions"}],"predecessor-version":[{"id":856,"href":"https:\/\/www.asmbtaijiquan.fr\/index.php\/wp-json\/wp\/v2\/pages\/35\/revisions\/856"}],"wp:featuredmedia":[{"embeddable":true,"href":"https:\/\/www.asmbtaijiquan.fr\/index.php\/wp-json\/wp\/v2\/media\/37"}],"wp:attachment":[{"href":"https:\/\/www.asmbtaijiquan.fr\/index.php\/wp-json\/wp\/v2\/media?parent=35"}],"curies":[{"name":"wp","href":"https:\/\/api.w.org\/{rel}","templated":true}]}}