{"id":19,"date":"2016-08-01T23:41:48","date_gmt":"2016-08-01T22:41:48","guid":{"rendered":"http:\/\/www.asmbtaijiquan.fr\/?page_id=19"},"modified":"2022-09-01T21:45:16","modified_gmt":"2022-09-01T20:45:16","slug":"nos-enseignants","status":"publish","type":"page","link":"https:\/\/www.asmbtaijiquan.fr\/index.php\/nos-enseignants\/","title":{"rendered":"Nos enseignants"},"content":{"rendered":"<h1 style=\"text-align: left;\"><strong>Jean-Eric Poirier-Quinot<\/strong><\/h1>\n<h1 style=\"text-align: left;\"><strong><img decoding=\"async\" loading=\"lazy\" class=\"alignnone size-medium wp-image-634 alignright\" src=\"http:\/\/www.asmbtaijiquan.fr\/wp-content\/uploads\/2016\/08\/JEPWutaoJuin18-39-225x300.jpg\" alt=\"\" width=\"225\" height=\"300\" srcset=\"https:\/\/www.asmbtaijiquan.fr\/wp-content\/uploads\/2016\/08\/JEPWutaoJuin18-39-225x300.jpg 225w, https:\/\/www.asmbtaijiquan.fr\/wp-content\/uploads\/2016\/08\/JEPWutaoJuin18-39-768x1024.jpg 768w\" sizes=\"(max-width: 225px) 100vw, 225px\" \/><\/strong><\/h1>\n<p>Form\u00e9 par Raymonde H\u00e9li\u00e8s au style Yang du Taiji Quan, Il pratique depuis 1998. Il anime les cours depuis novembre 2010.<\/p>\n<p>En 2005 sa route croise celle des inventeurs du Wutao, Imanou Risselard et Pol Charoy. S\u00e9duit par cet art du mouvement, il s&rsquo;inscrit \u00e0 la Wutao School et devient instructeur\u00a0 puis professeur. Depuis 2014 il anime le cours de Wutao.<\/p>\n<h1><\/h1>\n","protected":false},"excerpt":{"rendered":"<p>Jean-Eric Poirier-Quinot Form\u00e9 par Raymonde H\u00e9li\u00e8s au style Yang du Taiji Quan, Il pratique depuis 1998. Il anime les cours depuis novembre 2010. En 2005 sa route croise celle des inventeurs du Wutao, Imanou Risselard et Pol Charoy. S\u00e9duit par cet art du mouvement, il s&rsquo;inscrit \u00e0 la Wutao School et devient instructeur\u00a0 puis professeur&#8230;. <\/p>\n","protected":false},"author":1,"featured_media":0,"parent":0,"menu_order":3,"comment_status":"closed","ping_status":"closed","template":"","meta":[],"post_mailing_queue_ids":[],"_links":{"self":[{"href":"https:\/\/www.asmbtaijiquan.fr\/index.php\/wp-json\/wp\/v2\/pages\/19"}],"collection":[{"href":"https:\/\/www.asmbtaijiquan.fr\/index.php\/wp-json\/wp\/v2\/pages"}],"about":[{"href":"https:\/\/www.asmbtaijiquan.fr\/index.php\/wp-json\/wp\/v2\/types\/page"}],"author":[{"embeddable":true,"href":"https:\/\/www.asmbtaijiquan.fr\/index.php\/wp-json\/wp\/v2\/users\/1"}],"replies":[{"embeddable":true,"href":"https:\/\/www.asmbtaijiquan.fr\/index.php\/wp-json\/wp\/v2\/comments?post=19"}],"version-history":[{"count":15,"href":"https:\/\/www.asmbtaijiquan.fr\/index.php\/wp-json\/wp\/v2\/pages\/19\/revisions"}],"predecessor-version":[{"id":799,"href":"https:\/\/www.asmbtaijiquan.fr\/index.php\/wp-json\/wp\/v2\/pages\/19\/revisions\/799"}],"wp:attachment":[{"href":"https:\/\/www.asmbtaijiquan.fr\/index.php\/wp-json\/wp\/v2\/media?parent=19"}],"curies":[{"name":"wp","href":"https:\/\/api.w.org\/{rel}","templated":true}]}}