{"id":151,"date":"2016-09-06T07:55:47","date_gmt":"2016-09-06T06:55:47","guid":{"rendered":"http:\/\/www.asmbtaijiquan.fr\/?page_id=151"},"modified":"2016-09-06T08:16:48","modified_gmt":"2016-09-06T07:16:48","slug":"temoignages","status":"publish","type":"page","link":"https:\/\/www.asmbtaijiquan.fr\/index.php\/temoignages\/","title":{"rendered":"T\u00e9moignages"},"content":{"rendered":"\r\n  \t\t\t <div class=\"testimonials-all\">\t\t\t \r\n\t\t\t\t<img width=\"200\" height=\"150\" src=\"https:\/\/www.asmbtaijiquan.fr\/wp-content\/uploads\/2016\/08\/images-3.jpg\" class=\"alignleft wp-post-image\" alt=\"\" decoding=\"async\" loading=\"lazy\" \/>\r\n\t\t\t\t<h3> j\u2019ai trouv\u00e9 la clef de mon ouverture<\/h3>\r\n\t\t\t\t<span><\/span>\r\n\t\t\t\t  J\u2019ai commenc\u00e9 le Qi Gong, le Ta\u00ef Chi et la m\u00e9ditation en mai 2013, \u00e0 petits pas, puis pendant l\u2019\u00e9t\u00e9 j\u2019ai arr\u00eat\u00e9 parce que je suis quelqu\u2019un de tr\u00e8s occup\u00e9, le travail, la famille, la maison\u2026 mais d\u00e8s la fin ao\u00fbt j\u2019ai \u00e9t\u00e9 tr\u00e8s impatiente que les cours reprennent, j\u2019ai compris que le chemein que je vois long et patient m\u2019aidait beaucoup \u00e0 aller mieux. Pourtant depuis 10 ans d\u00e9j\u00e0, peut-\u00eatre, \u00e0 chaque rentr\u00e9e, je rencontrais le d\u00e9pliant informatif sur le Jardin Int\u00e9rieur et ses activit\u00e9s sans donner suite, quelques mois ont pass\u00e9s et je sais que petit \u00e0 petit je vais mieux, j\u2019ai trouv\u00e9 la clef de mon ouverture, et je me discipline pour, \u00e0 chaque cours, prendre le temps pour m\u2019occuper de moi tout en \u00e9tant au service des autres, l\u2019\u00e9nergie se transmet. \u00bb\t\t\t\t  \r\n              <\/div>\r\n\t\t\t\r\n  \t\t\t <div class=\"testimonials-all\">\t\t\t \r\n\t\t\t\t<img width=\"200\" height=\"95\" src=\"https:\/\/www.asmbtaijiquan.fr\/wp-content\/uploads\/2016\/08\/images-2.jpg\" class=\"alignleft wp-post-image\" alt=\"\" decoding=\"async\" loading=\"lazy\" srcset=\"https:\/\/www.asmbtaijiquan.fr\/wp-content\/uploads\/2016\/08\/images-2.jpg 325w, https:\/\/www.asmbtaijiquan.fr\/wp-content\/uploads\/2016\/08\/images-2-300x143.jpg 300w\" sizes=\"(max-width: 200px) 100vw, 200px\" \/>\r\n\t\t\t\t<h3> une meilleure ma\u00eetrise du stress par une acceptation des mes imperfections<\/h3>\r\n\t\t\t\t<span><\/span>\r\n\t\t\t\t  \u00ab Je cherchais des cours de Yoga et l\u2019on m\u2019a conseill\u00e9 d\u2019aller me renseigner au \u00ab Jardin Int\u00e9rieur \u00bb. J\u2019ai fait un cours d\u2019essai et cela m\u2019a paru correspondre \u00e0 mes attentes. Depuis que je pratique le Ta\u00ef Chi, j\u2019ai une meilleure ma\u00eetrise du stress par une acceptation des mes imperfections et par la prise de conscience de l\u2019interaction entre espace int\u00e9rieur et environnement ext\u00e9rieur. Le plus frappant de mes ressentis reste l\u2019union du physique et du mental dans la recherche de fluidit\u00e9 du geste et d\u2019enracinement. \u00bb\t\t\t\t  \r\n              <\/div>\r\n\t\t\t\r\n  \t\t\t <div class=\"testimonials-all\">\t\t\t \r\n\t\t\t\t<img width=\"200\" height=\"132\" src=\"https:\/\/www.asmbtaijiquan.fr\/wp-content\/uploads\/2016\/08\/Taichi.jpg\" class=\"alignleft wp-post-image\" alt=\"\" decoding=\"async\" loading=\"lazy\" \/>\r\n\t\t\t\t<h3> Le ta\u00ef chi c\u2019est une vraie bouff\u00e9e de bien-\u00eatre<\/h3>\r\n\t\t\t\t<span><\/span>\r\n\t\t\t\t  \u00ab J\u2019ai toujours \u00e9prouv\u00e9 une r\u00e9elle attirance pour le Ta\u00ef Chi. Il est pour moi synonyme de sant\u00e9 et d\u2019\u00e9quilibre\u2026 Depuis que je pratique le Ta\u00ef Chi, je me rends compte que je m\u2019ouvre plus \u00e0 la \u00ab connaissance \u00bb c\u2019est-\u00e0-dire qu\u2019en dehors de la pratique, mon comportement est plus ouvert \u00e0 d\u2019autres perceptions, c\u2019est un peu difficile \u00e0 expliquer\u2026 enfin ce qui est s\u00fbr c\u2019est que \u00e7a me donne de la foi, une certaine s\u00e9r\u00e9nit\u00e9 et paix int\u00e9rieure. Je me sens diff\u00e9rente \u00e0 chaque fois que je sors d\u2019une s\u00e9ance, en plus \u00e7a me met en forme et de bonne humeur. Le ta\u00ef chi c\u2019est une vraie bouff\u00e9e de bien-\u00eatre. \u00bb\t\t\t\t  \r\n              <\/div>\r\n\t\t\t<\/ul><\/div><\/div><\/div>\n","protected":false},"excerpt":{"rendered":"","protected":false},"author":1,"featured_media":0,"parent":0,"menu_order":0,"comment_status":"closed","ping_status":"closed","template":"full-width.php","meta":[],"post_mailing_queue_ids":[],"_links":{"self":[{"href":"https:\/\/www.asmbtaijiquan.fr\/index.php\/wp-json\/wp\/v2\/pages\/151"}],"collection":[{"href":"https:\/\/www.asmbtaijiquan.fr\/index.php\/wp-json\/wp\/v2\/pages"}],"about":[{"href":"https:\/\/www.asmbtaijiquan.fr\/index.php\/wp-json\/wp\/v2\/types\/page"}],"author":[{"embeddable":true,"href":"https:\/\/www.asmbtaijiquan.fr\/index.php\/wp-json\/wp\/v2\/users\/1"}],"replies":[{"embeddable":true,"href":"https:\/\/www.asmbtaijiquan.fr\/index.php\/wp-json\/wp\/v2\/comments?post=151"}],"version-history":[{"count":7,"href":"https:\/\/www.asmbtaijiquan.fr\/index.php\/wp-json\/wp\/v2\/pages\/151\/revisions"}],"predecessor-version":[{"id":159,"href":"https:\/\/www.asmbtaijiquan.fr\/index.php\/wp-json\/wp\/v2\/pages\/151\/revisions\/159"}],"wp:attachment":[{"href":"https:\/\/www.asmbtaijiquan.fr\/index.php\/wp-json\/wp\/v2\/media?parent=151"}],"curies":[{"name":"wp","href":"https:\/\/api.w.org\/{rel}","templated":true}]}}